{"id":105,"date":"2024-03-03T14:15:26","date_gmt":"2024-03-03T13:15:26","guid":{"rendered":"https:\/\/gnd.catdiver.fr\/?page_id=105"},"modified":"2024-09-06T14:57:25","modified_gmt":"2024-09-06T12:57:25","slug":"reglement-du-club","status":"publish","type":"page","link":"https:\/\/gnd.catdiver.fr\/index.php\/reglement-du-club\/","title":{"rendered":"R\u00e8glement du club"},"content":{"rendered":"\n<div class=\"wp-block-columns is-layout-flex wp-container-core-columns-is-layout-28f84493 wp-block-columns-is-layout-flex\">\n<div class=\"wp-block-column is-layout-flow wp-block-column-is-layout-flow\">\n<figure class=\"wp-block-gallery has-nested-images columns-default is-cropped wp-block-gallery-1 is-layout-flex wp-block-gallery-is-layout-flex\">\n<figure class=\"wp-block-image size-large\"><img loading=\"lazy\" decoding=\"async\" width=\"500\" height=\"500\" data-id=\"670\" src=\"https:\/\/gnd.catdiver.fr\/wp-content\/uploads\/2024\/09\/logovertGang-des-Niphargus-Dechaines.png\" alt=\"\" class=\"wp-image-670\" srcset=\"https:\/\/gnd.catdiver.fr\/wp-content\/uploads\/2024\/09\/logovertGang-des-Niphargus-Dechaines.png 500w, https:\/\/gnd.catdiver.fr\/wp-content\/uploads\/2024\/09\/logovertGang-des-Niphargus-Dechaines-300x300.png 300w, https:\/\/gnd.catdiver.fr\/wp-content\/uploads\/2024\/09\/logovertGang-des-Niphargus-Dechaines-150x150.png 150w\" sizes=\"auto, (max-width: 500px) 100vw, 500px\" \/><\/figure>\n\n\n\n<figure class=\"wp-block-image size-large\"><img loading=\"lazy\" decoding=\"async\" width=\"994\" height=\"1024\" data-id=\"643\" src=\"https:\/\/gnd.catdiver.fr\/wp-content\/uploads\/2024\/07\/cropped-GND-essai-994x1024.jpg\" alt=\"\" class=\"wp-image-643\" srcset=\"https:\/\/gnd.catdiver.fr\/wp-content\/uploads\/2024\/07\/cropped-GND-essai-994x1024.jpg 994w, https:\/\/gnd.catdiver.fr\/wp-content\/uploads\/2024\/07\/cropped-GND-essai-291x300.jpg 291w, https:\/\/gnd.catdiver.fr\/wp-content\/uploads\/2024\/07\/cropped-GND-essai.jpg 2000w\" sizes=\"auto, (max-width: 994px) 100vw, 994px\" \/><\/figure>\n<\/figure>\n<\/div>\n\n\n\n<div class=\"wp-block-column is-layout-flow wp-block-column-is-layout-flow\">\n<p><\/p>\n\n\n\n<p><\/p>\n\n\n\n<p>Chaque nouvel adh\u00e9rent s&rsquo;engage \u00e0 respecter les commandements suivants : <\/p>\n<\/div>\n<\/div>\n\n\n\n<div class=\"wp-block-columns is-layout-flex wp-container-core-columns-is-layout-28f84493 wp-block-columns-is-layout-flex\">\n<div class=\"wp-block-column is-layout-flow wp-block-column-is-layout-flow\" style=\"flex-basis:100%\">\n<p>1 &#8211; <strong>La charte du niphargus d\u00e9cha\u00een\u00e9 et les commandements suivants tu respecteras.<\/strong><\/p>\n\n\n\n<p>2 &#8211; <strong>Etre affili\u00e9 \u00e0 la FFS tu seras.<\/strong> \u00ab\u00a0<em>Tout nouvel adh\u00e9rent sera soit d\u00e9j\u00e0 affili\u00e9 \u00e0 la FFS en arrivant au club et dans ce cas ne s&rsquo;acquitteras que de la cotisation part club, soit il devra s&rsquo;acquitter, via le club d&rsquo;une licence et une assurance FFS au moment de son adh\u00e9sion<\/em> <em>en plus de la part club<\/em>\u00ab\u00a0.<\/p>\n\n\n\n<p>3 &#8211; <strong>Respecter le code de conduite du sp\u00e9l\u00e9o tu devras.<\/strong> <em>\u00ab\u00a0La pr\u00e9sentation de la FFS et de la charte des pratiquants et disponible <a href=\"https:\/\/ffspeleo.fr\/presentation-de-la-ffs.html#\">ici\u00a0\u00bb<\/a><\/em>.<\/p>\n\n\n\n<p>4 &#8211; <strong>Poss\u00e9der ton mat\u00e9riel personnel il te faudra.<\/strong> <em>\u00ab\u00a0Il est indispensable que chaque membre poss\u00e8de son mat\u00e9riel de base personnel n\u00e9cessaire \u00e0 la pratique de ses activit\u00e9s, tels que casque, lampes, combi, baudriers, \u00e9quipement de protection individuel, &#8230; Le club n&rsquo;\u00e9tant en effet pas suffisamment riche pour en acheter pour pr\u00eat, cela changera un jour peut \u00eatre ! Les \u00e9quipements collectif pour \u00e9quipement des cavit\u00e9s type cordes, plaquettes, &#8230; pourront \u00eatre partag\u00e9s entre les membres au bon vouloir de son propri\u00e9taire\u00a0\u00bb.<\/em><\/p>\n\n\n\n<p>5 &#8211; <strong>La responsabilit\u00e9 de te former tu auras.<\/strong> <em>\u00ab\u00a0Chaque membre doit \u00eatre au minimum autonome en progression sur corde, il existe des possibilit\u00e9s de compagnonnage entre les membres. Les organismes f\u00e9d\u00e9raux proposent des stages et des \u00e9coles de formation afin de progresser dans sa pratique. Il est indispensable que chaque membres soient conscients de ses comp\u00e9tences, capacit\u00e9s et limites afin d&rsquo;adapter les sorties au niveau de chacun. Pr\u00e9venir les dangers et les limiter est primordial\u00a0\u00bb.<\/em><\/p>\n\n\n\n<p>6 &#8211; <strong>Respecter les autres membres tu devras.<\/strong> <em>\u00ab\u00a0Le bureau a la charge de r\u00e9guler et de prendre les d\u00e9cisions n\u00e9cessaires en concertation avec les autres membres du bureau et du club. Aucun membre n&rsquo;est sup\u00e9rieur \u00e0 un autre, chaque d\u00e9cision doit \u00eatre juste et d\u00e9mocratique, prise en connaissance de cause et sur un pied d&rsquo;\u00e9galit\u00e9 (vive les niphargus libre!)\u00a0\u00bb.<\/em><\/p>\n\n\n\n<p>7 &#8211; <strong>Accepter les d\u00e9cisions d&rsquo;un organisateur de sortie tu parviendras.<\/strong> <em>\u00ab\u00a0Toute personne organisant une sortie est libre d&rsquo;accepter oui non un membre du club, selon le niveau \u00e9valu\u00e9 et les affinit\u00e9s, car oui nous sommes tous des \u00eatres dot\u00e9s de sentiments, la v\u00e9rit\u00e9 est parfois dure \u00e0 entendre mais afin de garantir le bon d\u00e9roulement d&rsquo;une activit\u00e9 il est indispensable que les participants poss\u00e8dent le niveau ad\u00e9quat et s&rsquo;entendent bien les uns avec les autres. Le plaisir avant tout! Les \u00e9trangers et invit\u00e9s au club sont accept\u00e9s dans la mesure o\u00f9 ils respectent ces conditions et poss\u00e8dent une assurance suffisante\u00a0\u00bb.<\/em><\/p>\n\n\n\n<p>8 &#8211; <strong>Aimer le fromage il faudra.<\/strong> <em>\u00ab\u00a0Une dispense est possible sur demande exceptionnelle, elle sera accorder de droit en cas d&rsquo;allergie au lactose\u00a0\u00bb.<\/em><\/p>\n\n\n\n<p>9 &#8211; <strong>Faire vivre le club tu contribueras.<\/strong> <em>\u00ab\u00a0Chacun \u00e0 son niveau, selon le temps disponible et les comp\u00e9tences doit faire vivre le club \u00e0 sa mani\u00e8re: organisation de sorties, r\u00e9daction de comptes rendus, mise en relation des membres, entretien du site web, &#8230;\u00a0\u00bb<\/em><\/p>\n\n\n\n<p>10 &#8211; <strong>Heureux tu es et tu resteras. <\/strong><em>\u00ab\u00a0L&rsquo;id\u00e9e est de permettre \u00e0 tous de pratiquer une activit\u00e9 qu&rsquo;il aime, de s&rsquo;amuser, de prendre du plaisir et certainement pas de s&rsquo;imposer des contraintes et charges d\u00e9plaisantes. Quand on est un niphargus d\u00e9cha\u00een\u00e9, on est un niphargus libre !\u00a0\u00bb<\/em><\/p>\n<\/div>\n<\/div>\n","protected":false},"excerpt":{"rendered":"<p>Chaque nouvel adh\u00e9rent s&rsquo;engage \u00e0 respecter les commandements suivants : 1 &#8211; La charte du niphargus d\u00e9cha\u00een\u00e9 et les commandements suivants tu respecteras. 2 &#8211; Etre affili\u00e9 \u00e0 la FFS &hellip; <\/p>\n<p class=\"link-more\"><a href=\"https:\/\/gnd.catdiver.fr\/index.php\/reglement-du-club\/\" class=\"more-link\">Lire la suite de<span class=\"screen-reader-text\">\u00ab\u00a0R\u00e8glement du club\u00a0\u00bb<\/span><\/a><\/p>\n","protected":false},"author":2,"featured_media":0,"parent":0,"menu_order":0,"comment_status":"closed","ping_status":"closed","template":"","meta":{"_sitemap_exclude":false,"_sitemap_priority":"","_sitemap_frequency":"","footnotes":""},"class_list":["post-105","page","type-page","status-publish","hentry"],"_links":{"self":[{"href":"https:\/\/gnd.catdiver.fr\/index.php\/wp-json\/wp\/v2\/pages\/105","targetHints":{"allow":["GET"]}}],"collection":[{"href":"https:\/\/gnd.catdiver.fr\/index.php\/wp-json\/wp\/v2\/pages"}],"about":[{"href":"https:\/\/gnd.catdiver.fr\/index.php\/wp-json\/wp\/v2\/types\/page"}],"author":[{"embeddable":true,"href":"https:\/\/gnd.catdiver.fr\/index.php\/wp-json\/wp\/v2\/users\/2"}],"replies":[{"embeddable":true,"href":"https:\/\/gnd.catdiver.fr\/index.php\/wp-json\/wp\/v2\/comments?post=105"}],"version-history":[{"count":0,"href":"https:\/\/gnd.catdiver.fr\/index.php\/wp-json\/wp\/v2\/pages\/105\/revisions"}],"wp:attachment":[{"href":"https:\/\/gnd.catdiver.fr\/index.php\/wp-json\/wp\/v2\/media?parent=105"}],"curies":[{"name":"wp","href":"https:\/\/api.w.org\/{rel}","templated":true}]}}