{"id":11,"date":"2024-03-03T11:54:18","date_gmt":"2024-03-03T10:54:18","guid":{"rendered":"https:\/\/gnd.catdiver.fr\/?page_id=11"},"modified":"2025-03-03T19:34:55","modified_gmt":"2025-03-03T18:34:55","slug":"homepage","status":"publish","type":"page","link":"https:\/\/gnd.catdiver.fr\/","title":{"rendered":"Homepage"},"content":{"rendered":"\n<div class=\"wp-block-cover alignfull has-custom-content-position is-position-top-center\" style=\"min-height:100vh;aspect-ratio:unset;\"><span aria-hidden=\"true\" class=\"wp-block-cover__background has-background-dim-20 has-background-dim\" style=\"background-color:#715642\"><\/span><img loading=\"lazy\" decoding=\"async\" width=\"2000\" height=\"1199\" class=\"wp-block-cover__image-background wp-image-967\" alt=\"\" src=\"https:\/\/gnd.catdiver.fr\/wp-content\/uploads\/2025\/03\/cropped-DSC1416_DxO_final-impression-Grand-png.avif\" data-object-fit=\"cover\" srcset=\"https:\/\/gnd.catdiver.fr\/wp-content\/uploads\/2025\/03\/cropped-DSC1416_DxO_final-impression-Grand-png.avif 2000w, https:\/\/gnd.catdiver.fr\/wp-content\/uploads\/2025\/03\/cropped-DSC1416_DxO_final-impression-Grand-300x180.avif 300w, https:\/\/gnd.catdiver.fr\/wp-content\/uploads\/2025\/03\/cropped-DSC1416_DxO_final-impression-Grand-1024x614.avif 1024w\" sizes=\"auto, (max-width: 2000px) 100vw, 2000px\" \/><div class=\"wp-block-cover__inner-container has-global-padding is-layout-constrained wp-block-cover-is-layout-constrained\">\n<div style=\"height:55px\" aria-hidden=\"true\" class=\"wp-block-spacer\"><\/div>\n\n\n\n<div style=\"height:100px\" aria-hidden=\"true\" class=\"wp-block-spacer\"><\/div>\n\n\n\n<div style=\"height:100px\" aria-hidden=\"true\" class=\"wp-block-spacer\"><\/div>\n\n\n\n<h1 class=\"wp-block-heading has-text-align-center\"><strong><strong>Gang des Niphargus <\/strong><\/strong>D\u00e9cha\u00een\u00e9s<\/h1>\n\n\n\n<p class=\"has-text-align-center has-white-color has-text-color has-max-60-font-size\" style=\"font-style:normal;font-weight:900;line-height:1.2\"><strong>Club de plong\u00e9e souterraine<\/strong> et de sp\u00e9l\u00e9ologie<\/p>\n<\/div><\/div>\n\n\n\n<div style=\"height:49px\" aria-hidden=\"true\" class=\"wp-block-spacer\"><\/div>\n\n\n\n<div id=\"news\" class=\"wp-block-group has-global-padding is-layout-constrained wp-block-group-is-layout-constrained\">\n<h2 class=\"wp-block-heading has-text-align-left\">Derni\u00e8res actu<\/h2>\n\n\n\n<div style=\"height:33px\" aria-hidden=\"true\" class=\"wp-block-spacer\"><\/div>\n\n\n\n<div class=\"wp-block-query is-layout-flow wp-block-query-is-layout-flow\"><ul class=\"columns-3 wp-block-post-template is-layout-grid wp-container-core-post-template-is-layout-6aac66c0 wp-block-post-template-is-layout-grid\"><li class=\"wp-block-post post-1542 post type-post status-publish format-standard hentry category-actualites\">\n<div style=\"margin-top:0;margin-bottom:0;\" class=\"has-link-color wp-elements-a1817b6b9e4eaefd5826fde68b0a8fdb wp-block-post-date has-text-color has-tertiary-color\"><time datetime=\"2026-04-11T14:16:09+02:00\">11 avril 2026<\/time><\/div>\n\n<h3 style=\"margin-top:0;margin-bottom:var(--wp--preset--spacing--x-small);\" class=\"has-link-color wp-elements-2e75b4e4fab489cf445e03eda13279d1 wp-block-post-title\"><a href=\"https:\/\/gnd.catdiver.fr\/index.php\/2026\/04\/11\/congres-du-csro-a-mejannes-le-clap\/\" target=\"_self\" >Congr\u00e8s du CSRO \u00e0 M\u00e9jannes le Clap<\/a><\/h3>\n\n<div class=\"has-link-color wp-elements-61eeeb1d6c31f3761cb8bc35b6e1a095 wp-block-post-excerpt has-text-color has-tertiary-color\"><p class=\"wp-block-post-excerpt__excerpt\">Vous y \u00eates? Parce que nous on vous y attend ! Ce week end du 11 et 12 avril, les sp\u00e9l\u00e9os se sont donn\u00e9s rendez-vous \u00e0 M\u00e9jannes le Clap pour &hellip; Lire la suite de\u00ab\u00a0Congr\u00e8s du CSRO \u00e0\u2026 <\/p><\/div>\n\n<a style=\"text-transform:uppercase; border-width:2px; padding-right:var(--wp--preset--spacing--x-small);padding-left:var(--wp--preset--spacing--x-small);padding-top:10px;padding-bottom:10px;\" class=\"wp-block-read-more has-text-color has-foreground-color\" href=\"https:\/\/gnd.catdiver.fr\/index.php\/2026\/04\/11\/congres-du-csro-a-mejannes-le-clap\/\" target=\"_self\">Lire la suite<span class=\"screen-reader-text\">\u00a0: Congr\u00e8s du CSRO \u00e0 M\u00e9jannes le Clap<\/span><\/a>\n<\/li><li class=\"wp-block-post post-1558 post type-post status-publish format-standard hentry category-sorties\">\n<div style=\"margin-top:0;margin-bottom:0;\" class=\"has-link-color wp-elements-a1817b6b9e4eaefd5826fde68b0a8fdb wp-block-post-date has-text-color has-tertiary-color\"><time datetime=\"2026-03-01T15:00:00+01:00\">1 mars 2026<\/time><\/div>\n\n<h3 style=\"margin-top:0;margin-bottom:var(--wp--preset--spacing--x-small);\" class=\"has-link-color wp-elements-2e75b4e4fab489cf445e03eda13279d1 wp-block-post-title\"><a href=\"https:\/\/gnd.catdiver.fr\/index.php\/2026\/03\/01\/laven-noel-bidon\/\" target=\"_self\" >L\u2019aven No\u00ebl, Bidon<\/a><\/h3>\n\n<div class=\"has-link-color wp-elements-61eeeb1d6c31f3761cb8bc35b6e1a095 wp-block-post-excerpt has-text-color has-tertiary-color\"><p class=\"wp-block-post-excerpt__excerpt\">Lors de l\u2019A.G du club en d\u00e9but d\u2019ann\u00e9e, notre pr\u00e9sidente de club, Nadja, avait propos\u00e9 au programme des sorties de faire (ou refaire pour certain.e) l\u2019Aven de No\u00ebl en Ard\u00e8che, &hellip; Lire la suite de\u00ab\u00a0L\u2019aven No\u00ebl, Bidon\u00a0\u00bb <\/p><\/div>\n\n<a style=\"text-transform:uppercase; border-width:2px; padding-right:var(--wp--preset--spacing--x-small);padding-left:var(--wp--preset--spacing--x-small);padding-top:10px;padding-bottom:10px;\" class=\"wp-block-read-more has-text-color has-foreground-color\" href=\"https:\/\/gnd.catdiver.fr\/index.php\/2026\/03\/01\/laven-noel-bidon\/\" target=\"_self\">Lire la suite<span class=\"screen-reader-text\">\u00a0: L\u2019aven No\u00ebl, Bidon<\/span><\/a>\n<\/li><li class=\"wp-block-post post-1524 post type-post status-publish format-standard hentry category-sorties\">\n<div style=\"margin-top:0;margin-bottom:0;\" class=\"has-link-color wp-elements-a1817b6b9e4eaefd5826fde68b0a8fdb wp-block-post-date has-text-color has-tertiary-color\"><time datetime=\"2026-02-23T17:23:00+01:00\">23 f\u00e9vrier 2026<\/time><\/div>\n\n<h3 style=\"margin-top:0;margin-bottom:var(--wp--preset--spacing--x-small);\" class=\"has-link-color wp-elements-2e75b4e4fab489cf445e03eda13279d1 wp-block-post-title\"><a href=\"https:\/\/gnd.catdiver.fr\/index.php\/2026\/02\/23\/les-claris-mission-perfo\/\" target=\"_self\" >Les Claris, Mission Perfo !<\/a><\/h3>\n\n<div class=\"has-link-color wp-elements-61eeeb1d6c31f3761cb8bc35b6e1a095 wp-block-post-excerpt has-text-color has-tertiary-color\"><p class=\"wp-block-post-excerpt__excerpt\">Depuis quelques temps d\u00e9j\u00e0, David souhaitait r\u00e9cup\u00e9rer le perfo qu\u2019il a laiss\u00e9 depuis plus d\u2019un an dans la cavit\u00e9 au fin fond de la galerie Cardaire. Grosse mission au programme &hellip; Lire la suite de\u00ab\u00a0Les Claris, Mission Perfo\u2026 <\/p><\/div>\n\n<a style=\"text-transform:uppercase; border-width:2px; padding-right:var(--wp--preset--spacing--x-small);padding-left:var(--wp--preset--spacing--x-small);padding-top:10px;padding-bottom:10px;\" class=\"wp-block-read-more has-text-color has-foreground-color\" href=\"https:\/\/gnd.catdiver.fr\/index.php\/2026\/02\/23\/les-claris-mission-perfo\/\" target=\"_self\">Lire la suite<span class=\"screen-reader-text\">\u00a0: Les Claris, Mission Perfo !<\/span><\/a>\n<\/li><\/ul>\n\n<\/div>\n\n\n\n<div style=\"height:85px\" aria-hidden=\"true\" class=\"wp-block-spacer\"><\/div>\n<\/div>\n","protected":false},"excerpt":{"rendered":"<p>Derni\u00e8res actu<\/p>\n","protected":false},"author":2,"featured_media":0,"parent":0,"menu_order":0,"comment_status":"closed","ping_status":"closed","template":"page-templates\/homepage-no-hero.php","meta":{"_sitemap_exclude":false,"_sitemap_priority":"","_sitemap_frequency":"","footnotes":""},"class_list":["post-11","page","type-page","status-publish","hentry"],"_links":{"self":[{"href":"https:\/\/gnd.catdiver.fr\/index.php\/wp-json\/wp\/v2\/pages\/11","targetHints":{"allow":["GET"]}}],"collection":[{"href":"https:\/\/gnd.catdiver.fr\/index.php\/wp-json\/wp\/v2\/pages"}],"about":[{"href":"https:\/\/gnd.catdiver.fr\/index.php\/wp-json\/wp\/v2\/types\/page"}],"author":[{"embeddable":true,"href":"https:\/\/gnd.catdiver.fr\/index.php\/wp-json\/wp\/v2\/users\/2"}],"replies":[{"embeddable":true,"href":"https:\/\/gnd.catdiver.fr\/index.php\/wp-json\/wp\/v2\/comments?post=11"}],"version-history":[{"count":2,"href":"https:\/\/gnd.catdiver.fr\/index.php\/wp-json\/wp\/v2\/pages\/11\/revisions"}],"predecessor-version":[{"id":996,"href":"https:\/\/gnd.catdiver.fr\/index.php\/wp-json\/wp\/v2\/pages\/11\/revisions\/996"}],"wp:attachment":[{"href":"https:\/\/gnd.catdiver.fr\/index.php\/wp-json\/wp\/v2\/media?parent=11"}],"curies":[{"name":"wp","href":"https:\/\/api.w.org\/{rel}","templated":true}]}}