{"id":279,"date":"2024-03-28T09:32:45","date_gmt":"2024-03-28T08:32:45","guid":{"rendered":"https:\/\/gnd.catdiver.fr\/?page_id=279"},"modified":"2025-12-12T09:20:47","modified_gmt":"2025-12-12T08:20:47","slug":"adhesion","status":"publish","type":"page","link":"https:\/\/gnd.catdiver.fr\/index.php\/activites\/adhesion\/","title":{"rendered":"Adh\u00e9sion"},"content":{"rendered":"\n<p>Si vous souhaitez adh\u00e9rer merci de contacter le club et de renvoyer le <a href=\"https:\/\/ffspeleo.fr\/csx\/scripts\/downloader2.php?filename=T011\/media\/4e\/8d\/7v2681yb1df2&amp;mime=application%2Fpdf&amp;originalname=club-fiche_adherent_2026.pdf&amp;moid=36\" data-type=\"attachment\" data-id=\"283\">formulaire<\/a> ci joint correctement rempli accompagn\u00e9 des documents justificatifs si n\u00e9cessaire. Un certificat m\u00e9dical est obligatoire.<\/p>\n\n\n\n<p>Mode d&#8217;emploi :<\/p>\n\n\n\n<ul class=\"wp-block-list\">\n<li>La licence FFS vous permet d&rsquo;integrer la F\u00e9d\u00e9ration Fran\u00e7aise de Sp\u00e9l\u00e9ologie et de b\u00e9n\u00e9ficier de tous les avantages qui en d\u00e9coulent. Le tarif d\u00e9pend de votre situation. La responsabilit\u00e9 civile est inclue, elle permet de couvrir les dommages que vous pourriez causer \u00e0 un tiers pendant votre pratique.<\/li>\n\n\n\n<li>La cotisation locale est obligatoire et permet de participer au financement des <a href=\"https:\/\/gnd.catdiver.fr\/wp-content\/uploads\/2024\/03\/cotisations_locales.pdf\" data-type=\"attachment\" data-id=\"274\">CDS et CSR<\/a>. Dans le Gard, la cotisation revient au CSRO, elle est de 5 euros pour l&rsquo;ann\u00e9e 2026.<\/li>\n\n\n\n<li>L&rsquo;assurance est en option. Il existe trois niveaux au choix selon votre situation. Les garanties sont consultable <a href=\"https:\/\/gnd.catdiver.fr\/wp-content\/uploads\/2024\/03\/resume_des_garanties_ffs_2022-1.pdf\" data-type=\"attachment\" data-id=\"273\">ici<\/a>.<\/li>\n\n\n\n<li>Vous pouvez b\u00e9n\u00e9ficier en option et \u00e0 tarif pr\u00e9f\u00e9rentiel \u00e0 un abonnement aux revues f\u00e9d\u00e9rales Spelunca et \/ ou Karstologia. <\/li>\n\n\n\n<li>La participation club permet de participer au financement du fonctionnement du club GND (achat de mat\u00e9riel, financement d&rsquo;activit\u00e9s par exemple), elle est de 20 euros pour l&rsquo;ann\u00e9e 2026.<\/li>\n<\/ul>\n\n\n\n<p><\/p>\n\n\n\n<p>Pour les personnes d\u00e9j\u00e0 licenci\u00e9es \u00e0 la FFS, vous pouvez adh\u00e9rer au club via ce formulaire : <\/p>\n\n\n\n<div data-wp-interactive=\"core\/file\" class=\"wp-block-file\"><object data-wp-bind--hidden=\"!state.hasPdfPreview\" hidden class=\"wp-block-file__embed\" data=\"https:\/\/gnd.catdiver.fr\/wp-content\/uploads\/2025\/12\/Adhesion-GND.pdf\" type=\"application\/pdf\" style=\"width:100%;height:600px\" aria-label=\"Contenu embarqu\u00e9 Adh\u00e9sion GND.\"><\/object><a id=\"wp-block-file--media-318f3de9-703f-4a95-9304-7771d0774dbd\" href=\"https:\/\/gnd.catdiver.fr\/wp-content\/uploads\/2025\/12\/Adhesion-GND.pdf\">Adh\u00e9sion GND<\/a><a href=\"https:\/\/gnd.catdiver.fr\/wp-content\/uploads\/2025\/12\/Adhesion-GND.pdf\" class=\"wp-block-file__button wp-element-button\" download aria-describedby=\"wp-block-file--media-318f3de9-703f-4a95-9304-7771d0774dbd\">T\u00e9l\u00e9charger<\/a><\/div>\n","protected":false},"excerpt":{"rendered":"<p>Si vous souhaitez adh\u00e9rer merci de contacter le club et de renvoyer le formulaire ci joint correctement rempli accompagn\u00e9 des documents justificatifs si n\u00e9cessaire. Un certificat m\u00e9dical est obligatoire. Mode &hellip; <\/p>\n<p class=\"link-more\"><a href=\"https:\/\/gnd.catdiver.fr\/index.php\/activites\/adhesion\/\" class=\"more-link\">Lire la suite de<span class=\"screen-reader-text\">\u00ab\u00a0Adh\u00e9sion\u00a0\u00bb<\/span><\/a><\/p>\n","protected":false},"author":2,"featured_media":0,"parent":53,"menu_order":0,"comment_status":"closed","ping_status":"closed","template":"","meta":{"_sitemap_exclude":false,"_sitemap_priority":"","_sitemap_frequency":"","footnotes":""},"class_list":["post-279","page","type-page","status-publish","hentry"],"_links":{"self":[{"href":"https:\/\/gnd.catdiver.fr\/index.php\/wp-json\/wp\/v2\/pages\/279","targetHints":{"allow":["GET"]}}],"collection":[{"href":"https:\/\/gnd.catdiver.fr\/index.php\/wp-json\/wp\/v2\/pages"}],"about":[{"href":"https:\/\/gnd.catdiver.fr\/index.php\/wp-json\/wp\/v2\/types\/page"}],"author":[{"embeddable":true,"href":"https:\/\/gnd.catdiver.fr\/index.php\/wp-json\/wp\/v2\/users\/2"}],"replies":[{"embeddable":true,"href":"https:\/\/gnd.catdiver.fr\/index.php\/wp-json\/wp\/v2\/comments?post=279"}],"version-history":[{"count":3,"href":"https:\/\/gnd.catdiver.fr\/index.php\/wp-json\/wp\/v2\/pages\/279\/revisions"}],"predecessor-version":[{"id":1378,"href":"https:\/\/gnd.catdiver.fr\/index.php\/wp-json\/wp\/v2\/pages\/279\/revisions\/1378"}],"up":[{"embeddable":true,"href":"https:\/\/gnd.catdiver.fr\/index.php\/wp-json\/wp\/v2\/pages\/53"}],"wp:attachment":[{"href":"https:\/\/gnd.catdiver.fr\/index.php\/wp-json\/wp\/v2\/media?parent=279"}],"curies":[{"name":"wp","href":"https:\/\/api.w.org\/{rel}","templated":true}]}}