{"id":53,"date":"2024-03-03T12:47:27","date_gmt":"2024-03-03T11:47:27","guid":{"rendered":"https:\/\/gnd.catdiver.fr\/?page_id=53"},"modified":"2025-03-03T14:18:40","modified_gmt":"2025-03-03T13:18:40","slug":"activites","status":"publish","type":"page","link":"https:\/\/gnd.catdiver.fr\/index.php\/activites\/","title":{"rendered":"Organisation du club"},"content":{"rendered":"\n<p><a href=\"https:\/\/gnd.catdiver.fr\/index.php\/reglement-du-club\/\">R\u00e8glement du club<\/a><\/p>\n\n\n\n<p><a href=\"https:\/\/gnd.catdiver.fr\/index.php\/membres\/\">Membres 2024<\/a><\/p>\n\n\n\n<p><a href=\"https:\/\/gnd.catdiver.fr\/index.php\/activites\/membres-2025\/\" data-type=\"page\" data-id=\"790\">Membres 2025<\/a><\/p>\n\n\n\n<p><a href=\"https:\/\/gnd.catdiver.fr\/index.php\/activites\/speleologie\/\">Activit\u00e9 sp\u00e9l\u00e9o<\/a><\/p>\n\n\n\n<p><a href=\"https:\/\/gnd.catdiver.fr\/index.php\/activites\/plongee-souterraine\/\">Activit\u00e9 plong\u00e9e souterraine<\/a><\/p>\n\n\n\n<p><a href=\"https:\/\/gnd.catdiver.fr\/index.php\/events\/\">\u00c9v\u00e8nements<\/a><\/p>\n\n\n\n<p><\/p>\n","protected":false},"excerpt":{"rendered":"<p>R\u00e8glement du club Membres 2024 Membres 2025 Activit\u00e9 sp\u00e9l\u00e9o Activit\u00e9 plong\u00e9e souterraine \u00c9v\u00e8nements<\/p>\n","protected":false},"author":2,"featured_media":0,"parent":0,"menu_order":0,"comment_status":"closed","ping_status":"closed","template":"","meta":{"_sitemap_exclude":false,"_sitemap_priority":"","_sitemap_frequency":"","footnotes":""},"class_list":["post-53","page","type-page","status-publish","hentry"],"_links":{"self":[{"href":"https:\/\/gnd.catdiver.fr\/index.php\/wp-json\/wp\/v2\/pages\/53","targetHints":{"allow":["GET"]}}],"collection":[{"href":"https:\/\/gnd.catdiver.fr\/index.php\/wp-json\/wp\/v2\/pages"}],"about":[{"href":"https:\/\/gnd.catdiver.fr\/index.php\/wp-json\/wp\/v2\/types\/page"}],"author":[{"embeddable":true,"href":"https:\/\/gnd.catdiver.fr\/index.php\/wp-json\/wp\/v2\/users\/2"}],"replies":[{"embeddable":true,"href":"https:\/\/gnd.catdiver.fr\/index.php\/wp-json\/wp\/v2\/comments?post=53"}],"version-history":[{"count":1,"href":"https:\/\/gnd.catdiver.fr\/index.php\/wp-json\/wp\/v2\/pages\/53\/revisions"}],"predecessor-version":[{"id":946,"href":"https:\/\/gnd.catdiver.fr\/index.php\/wp-json\/wp\/v2\/pages\/53\/revisions\/946"}],"wp:attachment":[{"href":"https:\/\/gnd.catdiver.fr\/index.php\/wp-json\/wp\/v2\/media?parent=53"}],"curies":[{"name":"wp","href":"https:\/\/api.w.org\/{rel}","templated":true}]}}