{"id":790,"date":"2024-11-24T11:08:12","date_gmt":"2024-11-24T10:08:12","guid":{"rendered":"https:\/\/gnd.catdiver.fr\/?page_id=790"},"modified":"2025-09-20T18:15:46","modified_gmt":"2025-09-20T16:15:46","slug":"membres-2025","status":"publish","type":"page","link":"https:\/\/gnd.catdiver.fr\/index.php\/activites\/membres-2025\/","title":{"rendered":"Membres 2025"},"content":{"rendered":"\n<figure class=\"wp-block-gallery has-nested-images columns-3 is-cropped wp-block-gallery-1 is-layout-flex wp-block-gallery-is-layout-flex\">\n<figure data-wp-context=\"{&quot;imageId&quot;:&quot;6a04d43422ab1&quot;}\" data-wp-interactive=\"core\/image\" data-wp-key=\"6a04d43422ab1\" class=\"wp-block-image size-large is-style-default wp-lightbox-container\"><img loading=\"lazy\" decoding=\"async\" width=\"1024\" height=\"540\" data-wp-class--hide=\"state.isContentHidden\" data-wp-class--show=\"state.isContentVisible\" data-wp-init=\"callbacks.setButtonStyles\" data-wp-on--click=\"actions.showLightbox\" data-wp-on--load=\"callbacks.setButtonStyles\" data-wp-on-window--resize=\"callbacks.setButtonStyles\" data-id=\"158\" src=\"https:\/\/gnd.catdiver.fr\/wp-content\/uploads\/2024\/03\/nico2-1-1024x540.jpeg\" alt=\"test\" class=\"wp-image-158\" srcset=\"https:\/\/gnd.catdiver.fr\/wp-content\/uploads\/2024\/03\/nico2-1-1024x540.jpeg 1024w, https:\/\/gnd.catdiver.fr\/wp-content\/uploads\/2024\/03\/nico2-1-300x158.jpeg 300w, https:\/\/gnd.catdiver.fr\/wp-content\/uploads\/2024\/03\/nico2-1.jpeg 1198w\" sizes=\"auto, (max-width: 1024px) 100vw, 1024px\" \/><button\n\t\t\tclass=\"lightbox-trigger\"\n\t\t\ttype=\"button\"\n\t\t\taria-haspopup=\"dialog\"\n\t\t\taria-label=\"Agrandir\"\n\t\t\tdata-wp-init=\"callbacks.initTriggerButton\"\n\t\t\tdata-wp-on--click=\"actions.showLightbox\"\n\t\t\tdata-wp-style--right=\"state.imageButtonRight\"\n\t\t\tdata-wp-style--top=\"state.imageButtonTop\"\n\t\t>\n\t\t\t<svg xmlns=\"http:\/\/www.w3.org\/2000\/svg\" width=\"12\" height=\"12\" fill=\"none\" viewBox=\"0 0 12 12\">\n\t\t\t\t<path fill=\"#fff\" d=\"M2 0a2 2 0 0 0-2 2v2h1.5V2a.5.5 0 0 1 .5-.5h2V0H2Zm2 10.5H2a.5.5 0 0 1-.5-.5V8H0v2a2 2 0 0 0 2 2h2v-1.5ZM8 12v-1.5h2a.5.5 0 0 0 .5-.5V8H12v2a2 2 0 0 1-2 2H8Zm2-12a2 2 0 0 1 2 2v2h-1.5V2a.5.5 0 0 0-.5-.5H8V0h2Z\" \/>\n\t\t\t<\/svg>\n\t\t<\/button><figcaption class=\"wp-element-caption\">Nicolas Desvignes, tr\u00e9sorier, webmaster, r\u00e9f\u00e9rent plong\u00e9e souterraine<\/figcaption><\/figure>\n\n\n\n<figure data-wp-context=\"{&quot;imageId&quot;:&quot;6a04d43422ebb&quot;}\" data-wp-interactive=\"core\/image\" data-wp-key=\"6a04d43422ebb\" class=\"wp-block-image size-large wp-lightbox-container\"><img loading=\"lazy\" decoding=\"async\" width=\"442\" height=\"640\" data-wp-class--hide=\"state.isContentHidden\" data-wp-class--show=\"state.isContentVisible\" data-wp-init=\"callbacks.setButtonStyles\" data-wp-on--click=\"actions.showLightbox\" data-wp-on--load=\"callbacks.setButtonStyles\" data-wp-on-window--resize=\"callbacks.setButtonStyles\" data-id=\"160\" src=\"https:\/\/gnd.catdiver.fr\/wp-content\/uploads\/2024\/03\/Charles.jpeg\" alt=\"\" class=\"wp-image-160\" srcset=\"https:\/\/gnd.catdiver.fr\/wp-content\/uploads\/2024\/03\/Charles.jpeg 442w, https:\/\/gnd.catdiver.fr\/wp-content\/uploads\/2024\/03\/Charles-207x300.jpeg 207w\" sizes=\"auto, (max-width: 442px) 100vw, 442px\" \/><button\n\t\t\tclass=\"lightbox-trigger\"\n\t\t\ttype=\"button\"\n\t\t\taria-haspopup=\"dialog\"\n\t\t\taria-label=\"Agrandir\"\n\t\t\tdata-wp-init=\"callbacks.initTriggerButton\"\n\t\t\tdata-wp-on--click=\"actions.showLightbox\"\n\t\t\tdata-wp-style--right=\"state.imageButtonRight\"\n\t\t\tdata-wp-style--top=\"state.imageButtonTop\"\n\t\t>\n\t\t\t<svg xmlns=\"http:\/\/www.w3.org\/2000\/svg\" width=\"12\" height=\"12\" fill=\"none\" viewBox=\"0 0 12 12\">\n\t\t\t\t<path fill=\"#fff\" d=\"M2 0a2 2 0 0 0-2 2v2h1.5V2a.5.5 0 0 1 .5-.5h2V0H2Zm2 10.5H2a.5.5 0 0 1-.5-.5V8H0v2a2 2 0 0 0 2 2h2v-1.5ZM8 12v-1.5h2a.5.5 0 0 0 .5-.5V8H12v2a2 2 0 0 1-2 2H8Zm2-12a2 2 0 0 1 2 2v2h-1.5V2a.5.5 0 0 0-.5-.5H8V0h2Z\" \/>\n\t\t\t<\/svg>\n\t\t<\/button><figcaption class=\"wp-element-caption\">Charles Girard, secr\u00e9taire<\/figcaption><\/figure>\n\n\n\n<figure data-wp-context=\"{&quot;imageId&quot;:&quot;6a04d43423227&quot;}\" data-wp-interactive=\"core\/image\" data-wp-key=\"6a04d43423227\" class=\"wp-block-image size-large wp-lightbox-container\"><img loading=\"lazy\" decoding=\"async\" width=\"1024\" height=\"1024\" data-wp-class--hide=\"state.isContentHidden\" data-wp-class--show=\"state.isContentVisible\" data-wp-init=\"callbacks.setButtonStyles\" data-wp-on--click=\"actions.showLightbox\" data-wp-on--load=\"callbacks.setButtonStyles\" data-wp-on-window--resize=\"callbacks.setButtonStyles\" data-id=\"156\" src=\"https:\/\/gnd.catdiver.fr\/wp-content\/uploads\/2024\/03\/nadja-1-1024x1024.jpeg\" alt=\"\" class=\"wp-image-156\" srcset=\"https:\/\/gnd.catdiver.fr\/wp-content\/uploads\/2024\/03\/nadja-1-1024x1024.jpeg 1024w, https:\/\/gnd.catdiver.fr\/wp-content\/uploads\/2024\/03\/nadja-1-300x300.jpeg 300w, https:\/\/gnd.catdiver.fr\/wp-content\/uploads\/2024\/03\/nadja-1-150x150.jpeg 150w, https:\/\/gnd.catdiver.fr\/wp-content\/uploads\/2024\/03\/nadja-1.jpeg 1080w\" sizes=\"auto, (max-width: 1024px) 100vw, 1024px\" \/><button\n\t\t\tclass=\"lightbox-trigger\"\n\t\t\ttype=\"button\"\n\t\t\taria-haspopup=\"dialog\"\n\t\t\taria-label=\"Agrandir\"\n\t\t\tdata-wp-init=\"callbacks.initTriggerButton\"\n\t\t\tdata-wp-on--click=\"actions.showLightbox\"\n\t\t\tdata-wp-style--right=\"state.imageButtonRight\"\n\t\t\tdata-wp-style--top=\"state.imageButtonTop\"\n\t\t>\n\t\t\t<svg xmlns=\"http:\/\/www.w3.org\/2000\/svg\" width=\"12\" height=\"12\" fill=\"none\" viewBox=\"0 0 12 12\">\n\t\t\t\t<path fill=\"#fff\" d=\"M2 0a2 2 0 0 0-2 2v2h1.5V2a.5.5 0 0 1 .5-.5h2V0H2Zm2 10.5H2a.5.5 0 0 1-.5-.5V8H0v2a2 2 0 0 0 2 2h2v-1.5ZM8 12v-1.5h2a.5.5 0 0 0 .5-.5V8H12v2a2 2 0 0 1-2 2H8Zm2-12a2 2 0 0 1 2 2v2h-1.5V2a.5.5 0 0 0-.5-.5H8V0h2Z\" \/>\n\t\t\t<\/svg>\n\t\t<\/button><figcaption class=\"wp-element-caption\">Nadja Marchal, pr\u00e9sidente, webmaster<\/figcaption><\/figure>\n<\/figure>\n\n\n\n<div style=\"height:32px\" aria-hidden=\"true\" class=\"wp-block-spacer\"><\/div>\n\n\n\n<figure class=\"wp-block-gallery has-nested-images columns-default is-cropped wp-block-gallery-2 is-layout-flex wp-block-gallery-is-layout-flex\">\n<figure data-wp-context=\"{&quot;imageId&quot;:&quot;6a04d43423e54&quot;}\" data-wp-interactive=\"core\/image\" data-wp-key=\"6a04d43423e54\" class=\"wp-block-image size-large wp-lightbox-container\"><img loading=\"lazy\" decoding=\"async\" width=\"1024\" height=\"769\" data-wp-class--hide=\"state.isContentHidden\" data-wp-class--show=\"state.isContentVisible\" data-wp-init=\"callbacks.setButtonStyles\" data-wp-on--click=\"actions.showLightbox\" data-wp-on--load=\"callbacks.setButtonStyles\" data-wp-on-window--resize=\"callbacks.setButtonStyles\" data-id=\"793\" src=\"https:\/\/gnd.catdiver.fr\/wp-content\/uploads\/2024\/11\/WhatsApp-Image-2024-11-24-at-11.14.19-1024x769.jpeg\" alt=\"\" class=\"wp-image-793\" srcset=\"https:\/\/gnd.catdiver.fr\/wp-content\/uploads\/2024\/11\/WhatsApp-Image-2024-11-24-at-11.14.19-1024x769.jpeg 1024w, https:\/\/gnd.catdiver.fr\/wp-content\/uploads\/2024\/11\/WhatsApp-Image-2024-11-24-at-11.14.19-300x225.jpeg 300w, https:\/\/gnd.catdiver.fr\/wp-content\/uploads\/2024\/11\/WhatsApp-Image-2024-11-24-at-11.14.19.jpeg 1600w\" sizes=\"auto, (max-width: 1024px) 100vw, 1024px\" \/><button\n\t\t\tclass=\"lightbox-trigger\"\n\t\t\ttype=\"button\"\n\t\t\taria-haspopup=\"dialog\"\n\t\t\taria-label=\"Agrandir\"\n\t\t\tdata-wp-init=\"callbacks.initTriggerButton\"\n\t\t\tdata-wp-on--click=\"actions.showLightbox\"\n\t\t\tdata-wp-style--right=\"state.imageButtonRight\"\n\t\t\tdata-wp-style--top=\"state.imageButtonTop\"\n\t\t>\n\t\t\t<svg xmlns=\"http:\/\/www.w3.org\/2000\/svg\" width=\"12\" height=\"12\" fill=\"none\" viewBox=\"0 0 12 12\">\n\t\t\t\t<path fill=\"#fff\" d=\"M2 0a2 2 0 0 0-2 2v2h1.5V2a.5.5 0 0 1 .5-.5h2V0H2Zm2 10.5H2a.5.5 0 0 1-.5-.5V8H0v2a2 2 0 0 0 2 2h2v-1.5ZM8 12v-1.5h2a.5.5 0 0 0 .5-.5V8H12v2a2 2 0 0 1-2 2H8Zm2-12a2 2 0 0 1 2 2v2h-1.5V2a.5.5 0 0 0-.5-.5H8V0h2Z\" \/>\n\t\t\t<\/svg>\n\t\t<\/button><figcaption class=\"wp-element-caption\">Amandine<\/figcaption><\/figure>\n\n\n\n<figure data-wp-context=\"{&quot;imageId&quot;:&quot;6a04d4342417d&quot;}\" data-wp-interactive=\"core\/image\" data-wp-key=\"6a04d4342417d\" class=\"wp-block-image size-large wp-lightbox-container\"><img loading=\"lazy\" decoding=\"async\" width=\"1024\" height=\"768\" data-wp-class--hide=\"state.isContentHidden\" data-wp-class--show=\"state.isContentVisible\" data-wp-init=\"callbacks.setButtonStyles\" data-wp-on--click=\"actions.showLightbox\" data-wp-on--load=\"callbacks.setButtonStyles\" data-wp-on-window--resize=\"callbacks.setButtonStyles\" data-id=\"456\" src=\"https:\/\/gnd.catdiver.fr\/wp-content\/uploads\/2024\/04\/IMG-20240423-WA0031-1024x768.jpg\" alt=\"\" class=\"wp-image-456\" srcset=\"https:\/\/gnd.catdiver.fr\/wp-content\/uploads\/2024\/04\/IMG-20240423-WA0031-1024x768.jpg 1024w, https:\/\/gnd.catdiver.fr\/wp-content\/uploads\/2024\/04\/IMG-20240423-WA0031-300x225.jpg 300w, https:\/\/gnd.catdiver.fr\/wp-content\/uploads\/2024\/04\/IMG-20240423-WA0031.jpg 1280w\" sizes=\"auto, (max-width: 1024px) 100vw, 1024px\" \/><button\n\t\t\tclass=\"lightbox-trigger\"\n\t\t\ttype=\"button\"\n\t\t\taria-haspopup=\"dialog\"\n\t\t\taria-label=\"Agrandir\"\n\t\t\tdata-wp-init=\"callbacks.initTriggerButton\"\n\t\t\tdata-wp-on--click=\"actions.showLightbox\"\n\t\t\tdata-wp-style--right=\"state.imageButtonRight\"\n\t\t\tdata-wp-style--top=\"state.imageButtonTop\"\n\t\t>\n\t\t\t<svg xmlns=\"http:\/\/www.w3.org\/2000\/svg\" width=\"12\" height=\"12\" fill=\"none\" viewBox=\"0 0 12 12\">\n\t\t\t\t<path fill=\"#fff\" d=\"M2 0a2 2 0 0 0-2 2v2h1.5V2a.5.5 0 0 1 .5-.5h2V0H2Zm2 10.5H2a.5.5 0 0 1-.5-.5V8H0v2a2 2 0 0 0 2 2h2v-1.5ZM8 12v-1.5h2a.5.5 0 0 0 .5-.5V8H12v2a2 2 0 0 1-2 2H8Zm2-12a2 2 0 0 1 2 2v2h-1.5V2a.5.5 0 0 0-.5-.5H8V0h2Z\" \/>\n\t\t\t<\/svg>\n\t\t<\/button><figcaption class=\"wp-element-caption\">Jo<\/figcaption><\/figure>\n\n\n\n<figure class=\"wp-block-image size-large\"><img loading=\"lazy\" decoding=\"async\" width=\"769\" height=\"1024\" data-id=\"857\" src=\"https:\/\/gnd.catdiver.fr\/wp-content\/uploads\/2025\/01\/WhatsApp-Image-2025-01-23-at-09.54.32-8-769x1024.jpeg\" alt=\"\" class=\"wp-image-857\" srcset=\"https:\/\/gnd.catdiver.fr\/wp-content\/uploads\/2025\/01\/WhatsApp-Image-2025-01-23-at-09.54.32-8-769x1024.jpeg 769w, https:\/\/gnd.catdiver.fr\/wp-content\/uploads\/2025\/01\/WhatsApp-Image-2025-01-23-at-09.54.32-8-225x300.jpeg 225w, https:\/\/gnd.catdiver.fr\/wp-content\/uploads\/2025\/01\/WhatsApp-Image-2025-01-23-at-09.54.32-8.jpeg 1537w\" sizes=\"auto, (max-width: 769px) 100vw, 769px\" \/><figcaption class=\"wp-element-caption\">Ronan<\/figcaption><\/figure>\n\n\n\n<figure class=\"wp-block-image size-full\"><img loading=\"lazy\" decoding=\"async\" width=\"571\" height=\"742\" data-id=\"1249\" src=\"https:\/\/gnd.catdiver.fr\/wp-content\/uploads\/2025\/09\/WhatsApp-Image-2025-08-26-at-08.03.19.avif\" alt=\"\" class=\"wp-image-1249\" srcset=\"https:\/\/gnd.catdiver.fr\/wp-content\/uploads\/2025\/09\/WhatsApp-Image-2025-08-26-at-08.03.19.avif 571w, https:\/\/gnd.catdiver.fr\/wp-content\/uploads\/2025\/09\/WhatsApp-Image-2025-08-26-at-08.03.19-231x300.avif 231w\" sizes=\"auto, (max-width: 571px) 100vw, 571px\" \/><figcaption class=\"wp-element-caption\">C\u00f4me<\/figcaption><\/figure>\n\n\n\n<figure class=\"wp-block-image size-large\"><img loading=\"lazy\" decoding=\"async\" width=\"769\" height=\"1024\" data-id=\"1205\" src=\"https:\/\/gnd.catdiver.fr\/wp-content\/uploads\/2025\/08\/IMG_0233-769x1024.avif\" alt=\"\" class=\"wp-image-1205\" srcset=\"https:\/\/gnd.catdiver.fr\/wp-content\/uploads\/2025\/08\/IMG_0233-769x1024.avif 769w, https:\/\/gnd.catdiver.fr\/wp-content\/uploads\/2025\/08\/IMG_0233-225x300.avif 225w, https:\/\/gnd.catdiver.fr\/wp-content\/uploads\/2025\/08\/IMG_0233.avif 1537w\" sizes=\"auto, (max-width: 769px) 100vw, 769px\" \/><figcaption class=\"wp-element-caption\">Ariane \u00ab&nbsp;Microlouloute&nbsp;\u00bb<\/figcaption><\/figure>\n\n\n\n<figure class=\"wp-block-image size-large\"><img loading=\"lazy\" decoding=\"async\" width=\"500\" height=\"500\" data-id=\"1207\" src=\"https:\/\/gnd.catdiver.fr\/wp-content\/uploads\/2025\/08\/IMG_0246.avif\" alt=\"\" class=\"wp-image-1207\" srcset=\"https:\/\/gnd.catdiver.fr\/wp-content\/uploads\/2025\/08\/IMG_0246.avif 500w, https:\/\/gnd.catdiver.fr\/wp-content\/uploads\/2025\/08\/IMG_0246-300x300.avif 300w, https:\/\/gnd.catdiver.fr\/wp-content\/uploads\/2025\/08\/IMG_0246-150x150.avif 150w\" sizes=\"auto, (max-width: 500px) 100vw, 500px\" \/><figcaption class=\"wp-element-caption\">Cl\u00e9ment<\/figcaption><\/figure>\n<\/figure>\n\n\n\n<p><\/p>\n","protected":false},"excerpt":{"rendered":"","protected":false},"author":3,"featured_media":0,"parent":53,"menu_order":0,"comment_status":"closed","ping_status":"closed","template":"","meta":{"_sitemap_exclude":false,"_sitemap_priority":"","_sitemap_frequency":"","footnotes":""},"class_list":["post-790","page","type-page","status-publish","hentry"],"_links":{"self":[{"href":"https:\/\/gnd.catdiver.fr\/index.php\/wp-json\/wp\/v2\/pages\/790","targetHints":{"allow":["GET"]}}],"collection":[{"href":"https:\/\/gnd.catdiver.fr\/index.php\/wp-json\/wp\/v2\/pages"}],"about":[{"href":"https:\/\/gnd.catdiver.fr\/index.php\/wp-json\/wp\/v2\/types\/page"}],"author":[{"embeddable":true,"href":"https:\/\/gnd.catdiver.fr\/index.php\/wp-json\/wp\/v2\/users\/3"}],"replies":[{"embeddable":true,"href":"https:\/\/gnd.catdiver.fr\/index.php\/wp-json\/wp\/v2\/comments?post=790"}],"version-history":[{"count":2,"href":"https:\/\/gnd.catdiver.fr\/index.php\/wp-json\/wp\/v2\/pages\/790\/revisions"}],"predecessor-version":[{"id":1250,"href":"https:\/\/gnd.catdiver.fr\/index.php\/wp-json\/wp\/v2\/pages\/790\/revisions\/1250"}],"up":[{"embeddable":true,"href":"https:\/\/gnd.catdiver.fr\/index.php\/wp-json\/wp\/v2\/pages\/53"}],"wp:attachment":[{"href":"https:\/\/gnd.catdiver.fr\/index.php\/wp-json\/wp\/v2\/media?parent=790"}],"curies":[{"name":"wp","href":"https:\/\/api.w.org\/{rel}","templated":true}]}}